{"id":941,"date":"2023-09-27T19:27:07","date_gmt":"2023-09-27T17:27:07","guid":{"rendered":"https:\/\/sv-puschendorf.de\/data\/?page_id=941"},"modified":"2026-02-23T19:05:56","modified_gmt":"2026-02-23T18:05:56","slug":"hobbyfussball","status":"publish","type":"page","link":"http:\/\/sv-puschendorf.de\/data\/fussball\/hobbyfussball\/","title":{"rendered":"Hobbyfu\u00dfball"},"content":{"rendered":"\n<div class=\"wp-block-group alignfull\"><div class=\"wp-block-group__inner-container is-layout-flow wp-block-group-is-layout-flow\">\n<p>Ja, es gibt sie noch stets, die Hobbyfu\u00dfballer jeden Alters, die sich nun schon seit \u00fcber 40 Jahren <strong><u>jeden Sonntagabend treffen, um von 18.30 &#8211; 20 Uhr<\/u><\/strong> auf einem unserer gepflegten Fu\u00dfballpl\u00e4tze und im Winter in der Eichwaldhalle miteinander Fu\u00dfball zu spielen.<\/p>\n\n\n\n<p>Es gibt keinerlei Verpflichtung, jeden Sonntag anwesend zu sein. Wenn man Zeit hat, kommt man (m\u00f6glichst p\u00fcnktlich), ansonsten verbringt man seine Freizeit eben anderweitig. Um mitzumachen ist es nicht wichtig, dass man gut Fu\u00dfballspielen kann, sondern dass man sich in dieser Sportart gerne k\u00f6rperlich bet\u00e4tigen und gemeinsam Spa\u00df haben m\u00f6chte. Einzige Bedingung ist: nach \u201eSchnupperphase\u201c aus Versicherungsgr\u00fcnden die Mitgliedschaft im Verein.<\/p>\n\n\n\n<p>Es gelten nur wenige der offiziellen Spielregeln: In erster Linie z\u00e4hlen nat\u00fcrlich auch die erzielten Tore, beim Toraus gibt es Absto\u00df und Hand- und Foulspiel (kommt \u00e4u\u00dferst selten vor!) wird ebenfalls mit einem Freisto\u00df geahndet. Beim Seitenaus spielt jedoch derjenige weiter, der am ersten im Ballbesitz ist und ein Schiedsrichter wird nicht ben\u00f6tigt.<\/p>\n\n\n\n<p>Nachdem vor allem unsere ehemaligen Kinder und Jugendlichen Mitspieler in offiziellen Herren-Mannschaften spielen oder aus Berufs-\/Studiumsgr\u00fcnden weggezogen sind, ist manchmal die Spielerdecke etwas d\u00fcnn geworden. Wir w\u00fcrden uns deshalb \u00fcber jeden Neuzugang sehr freuen! Auch all diejenigen, die aus den verschiedensten Gr\u00fcnden nicht mehr in einer offiziellen Fu\u00dfball-Mannschaft mitmachen k\u00f6nnen oder wollen, sind bei uns herzlich gerne willkommen.<\/p>\n\n\n\n<p><em>Gerhard Ohletz<\/em><\/p>\n\n\n\n<p>Tel. 0151 16507449<\/p>\n\n\n\n<p>Gerhard.Ohletz@t-online.de<\/p>\n<\/div><\/div>\n\n\n\n<hr class=\"wp-block-separator has-alpha-channel-opacity\"\/>\n\n\n\n<div id=\"wp-block-themeisle-blocks-slider-f29ef137\" class=\"wp-block-themeisle-blocks-slider alignwide glide\" data-per-view=\"1\" data-gap=\"0\" data-peek=\"0\" data-autoplay=\"true\" data-height=\"600px\" data-hide-arrows=\"false\"><div class=\"glide__track\" data-glide-el=\"track\"><div class=\"glide__slides\"><div class=\"wp-block-themeisle-blocks-slider-item-wrapper glide__slide\" tabindex=\"0\"><figure><img decoding=\"async\" class=\"wp-block-themeisle-blocks-slider-item\" src=\"http:\/\/sv-puschendorf.de\/data\/wp-content\/uploads\/2023\/09\/20230813_184438-scaled.jpg\" alt=\"\" title=\"\" data-id=\"944\"\/><\/figure><\/div><div class=\"wp-block-themeisle-blocks-slider-item-wrapper glide__slide\" tabindex=\"0\"><figure><img decoding=\"async\" class=\"wp-block-themeisle-blocks-slider-item\" src=\"http:\/\/sv-puschendorf.de\/data\/wp-content\/uploads\/2023\/09\/CIMG5223.jpg\" alt=\"\" title=\"\" data-id=\"945\"\/><\/figure><\/div><\/div><div class=\"glide__bullets\" data-glide-el=\"controls[nav]\"><button class=\"glide__bullet\" data-glide-dir=\"=0\"><\/button><button class=\"glide__bullet\" data-glide-dir=\"=1\"><\/button><\/div><\/div><\/div>\n\n\n\n<hr class=\"wp-block-separator has-alpha-channel-opacity\"\/>\n\n\n\n<div class=\"wp-block-group alignfull\"><div class=\"wp-block-group__inner-container is-layout-flow wp-block-group-is-layout-flow\">\n<h2 class=\"wp-block-heading has-text-align-center\">Trainingszeiten<\/h2>\n\n\n\n<figure class=\"wp-block-table is-style-tw-border-h-inner\"><table><tbody><tr><td class=\"has-text-align-center\" data-align=\"center\"><strong>Wann<\/strong><\/td><td class=\"has-text-align-center\" data-align=\"center\"><strong>Uhrzeit<\/strong><\/td><td class=\"has-text-align-center\" data-align=\"center\"><strong>Wo<\/strong><\/td><\/tr><tr><td class=\"has-text-align-center\" data-align=\"center\">Sonntag<\/td><td class=\"has-text-align-center\" data-align=\"center\">18:30 &#8211; 20:00 Uhr<\/td><td class=\"has-text-align-center\" data-align=\"center\"><a href=\"https:\/\/www.google.com\/maps\/place\/Sportanlage+SV+Puschendorf,+Waldstra%C3%9Fe+30,+90617+Puschendorf\/@49.5231291,10.8388103,17z\/data=!3m1!4b1!4m6!3m5!1s0x47a200bc63fe4ac5:0x6fa63f48b982a127!8m2!3d49.5231291!4d10.8413906!16s%2Fg%2F11c4kkgbjw?entry=ttu\">Sportplatz Puschendorf<\/a><\/td><\/tr><\/tbody><\/table><\/figure>\n<\/div><\/div>\n","protected":false},"excerpt":{"rendered":"<p>Ja, es gibt sie noch stets, die Hobbyfu\u00dfballer jeden Alters, die sich nun schon seit \u00fcber 40 Jahren jeden Sonntagabend treffen, um von 18.30 &#8211; 20 Uhr auf einem unserer&hellip; <a class=\"more-link\" href=\"http:\/\/sv-puschendorf.de\/data\/fussball\/hobbyfussball\/\"><span class=\"screen-reader-text\">Hobbyfu\u00dfball<\/span> weiterlesen<\/a><\/p>\n","protected":false},"author":3,"featured_media":0,"parent":194,"menu_order":5,"comment_status":"closed","ping_status":"closed","template":"","meta":{"_EventAllDay":false,"_EventTimezone":"","_EventStartDate":"","_EventEndDate":"","_EventStartDateUTC":"","_EventEndDateUTC":"","_EventShowMap":false,"_EventShowMapLink":false,"_EventURL":"","_EventCost":"","_EventCostDescription":"","_EventCurrencySymbol":"","_EventCurrencyCode":"","_EventCurrencyPosition":"","_EventDateTimeSeparator":"","_EventTimeRangeSeparator":"","_EventOrganizerID":[],"_EventVenueID":[],"_OrganizerEmail":"","_OrganizerPhone":"","_OrganizerWebsite":"","_VenueAddress":"","_VenueCity":"","_VenueCountry":"","_VenueProvince":"","_VenueState":"","_VenueZip":"","_VenuePhone":"","_VenueURL":"","_VenueStateProvince":"","_VenueLat":"","_VenueLng":"","_VenueShowMap":false,"_VenueShowMapLink":false,"_themeisle_gutenberg_block_has_review":false,"footnotes":""},"class_list":["post-941","page","type-page","status-publish","hentry","entry"],"aioseo_notices":[],"_links":{"self":[{"href":"http:\/\/sv-puschendorf.de\/data\/wp-json\/wp\/v2\/pages\/941","targetHints":{"allow":["GET"]}}],"collection":[{"href":"http:\/\/sv-puschendorf.de\/data\/wp-json\/wp\/v2\/pages"}],"about":[{"href":"http:\/\/sv-puschendorf.de\/data\/wp-json\/wp\/v2\/types\/page"}],"author":[{"embeddable":true,"href":"http:\/\/sv-puschendorf.de\/data\/wp-json\/wp\/v2\/users\/3"}],"replies":[{"embeddable":true,"href":"http:\/\/sv-puschendorf.de\/data\/wp-json\/wp\/v2\/comments?post=941"}],"version-history":[{"count":8,"href":"http:\/\/sv-puschendorf.de\/data\/wp-json\/wp\/v2\/pages\/941\/revisions"}],"predecessor-version":[{"id":2368,"href":"http:\/\/sv-puschendorf.de\/data\/wp-json\/wp\/v2\/pages\/941\/revisions\/2368"}],"up":[{"embeddable":true,"href":"http:\/\/sv-puschendorf.de\/data\/wp-json\/wp\/v2\/pages\/194"}],"wp:attachment":[{"href":"http:\/\/sv-puschendorf.de\/data\/wp-json\/wp\/v2\/media?parent=941"}],"curies":[{"name":"wp","href":"https:\/\/api.w.org\/{rel}","templated":true}]}}