{"id":198,"date":"2023-05-14T11:09:08","date_gmt":"2023-05-14T09:09:08","guid":{"rendered":"https:\/\/sv-puschendorf.de\/data\/?page_id=198"},"modified":"2026-02-23T19:01:10","modified_gmt":"2026-02-23T18:01:10","slug":"badminton","status":"publish","type":"page","link":"http:\/\/sv-puschendorf.de\/data\/badminton\/","title":{"rendered":"Badminton"},"content":{"rendered":"\n<div class=\"wp-block-group alignfull is-style-default\"><div class=\"wp-block-group__inner-container is-layout-constrained wp-block-group-is-layout-constrained\">\n<div class=\"wp-block-columns alignwide is-layout-flex wp-container-core-columns-is-layout-d0b3c9c8 wp-block-columns-is-layout-flex\">\n<div class=\"wp-block-column is-layout-flow wp-block-column-is-layout-flow\">\n<h2 class=\"wp-block-heading\">Allgemeines<\/h2>\n\n\n\n<div id=\"wp-block-themeisle-blocks-accordion-b1344819\" class=\"wp-block-themeisle-blocks-accordion exclusive\">\n<details class=\"wp-block-themeisle-blocks-accordion-item\"><summary class=\"wp-block-themeisle-blocks-accordion-item__title\"><div>Was ist Badminton?<\/div><\/summary><div class=\"wp-block-themeisle-blocks-accordion-item__content\">\n<h3 class=\"wp-block-heading\">Was ist Badminton?<\/h3>\n\n\n\n<p>Badminton ist ein R\u00fcckschlagspiel und wird mit einem Federball und einem Badmintonschl\u00e4ger pro Spieler auf einem Spielfeld mit einem Netz ausgef\u00fchrt. Die Sportart ist f\u00fcr sportbegeisterte Personen jeden Alters ansprechend und f\u00f6rdert die k\u00f6rperliche sowie geistige Fitness. Durch ihre abwechslungsreiche, sportliche Ausf\u00fchrung ist diese Sportart, sowohl f\u00fcr Leistungssportler als auch f\u00fcr Hobbyspieler sehr interessant. In vielen F\u00e4llen wird Badminton f\u00e4lschlicherweise mit Federball gleichgesetzt. Badminton ist weitaus&nbsp;bewegungsintensiver, kraftaufwendiger, spannender und abwechslungsreicher als Federball.<\/p>\n\n\n\n<h3 class=\"wp-block-heading\">Badminton &#8211; Ein Sport mit dem gewissen Etwas<\/h3>\n\n\n\n<p><em>\u201eEin Badmintonspieler sollte verf\u00fcgen \u00fcber die Ausdauer eines Marathonl\u00e4ufers, die Schnelligkeit eines Sprinters, die Sprungkraft eines Hochspringers, die Armkraft eines Speerwerfers, die Schlagst\u00e4rke eines Schmiedes, die Gewandtheit einer Artistin, die Reaktionsf\u00e4higkeit eines Fechters, die Konzentrationsf\u00e4higkeit eines Schachspielers, die Menschenkenntnis eines Staubsaugervertreters, die psychische H\u00e4rte eines Arktisforschers, die Nervenst\u00e4rke eines Sprengmeisters, die R\u00fccksichtslosigkeit eines Kolonialherren, die Besessenheit eines Bergsteigers sowie \u00fcber die Intuition und Phantasie eines K\u00fcnstlers [&#8230;]&#8220;<\/em> Martin Knupp, Autor zahlreicher Badminton Lehrb\u00fccher<\/p>\n\n\n\n<h3 class=\"wp-block-heading\">Wie spielt man Badminton?<\/h3>\n\n\n\n<p>Diese Sportart wird ganzj\u00e4hrig in der Halle mit 2 bis 4 Spielern pro Feld ausgetragen. Dabei werden B\u00e4lle mit Schl\u00e4gern \u00fcber ein Netz in die gegnerische Spielh\u00e4lfte gespielt. Jeder gewonnene Schlagwechsel wird als Punkt gewertet. Das Team, das als erstes die Punktzahl von 21 Z\u00e4hlern erreicht, gewinnt. Bei einem Gleichstand von 20:20 gewinnt die Mannschaft, welche als erstes einen Vorsprung von 2 Punkten herausspielt. Die maximal zu erreichende Punktzahl betr\u00e4gt jedoch 30, so dass bei einem Spielstand von 29:29 der n\u00e4chste Ballwechsel entscheidet. Zubeh\u00f6r f\u00fcr diese Sportart sind Badmintonschl\u00e4ger, Nylonfederb\u00e4lle oder Naturfederb\u00e4lle.<\/p>\n\n\n\n<h3 class=\"wp-block-heading\">Welche Vorteile bietet mir diese Sportart?<\/h3>\n\n\n\n<ul class=\"wp-block-list\">\n<li>Gute Eignung f\u00fcr Einsteiger<\/li>\n\n\n\n<li>St\u00e4rkung von Muskeln, B\u00e4ndern und Gelenken<\/li>\n\n\n\n<li>Steigerung der Konzentrations- und Reaktionsf\u00e4higkeit<\/li>\n\n\n\n<li>Verbesserung der Ausdauer, Beweglichkeit und Koordination<\/li>\n\n\n\n<li>Gro\u00dfer Spa\u00dffaktor aufgrund vielseitiger und abwechslungsreicher Spielvarianten<\/li>\n\n\n\n<li>Geringeres Verletzungsrisiko, da kein direkter Kontakt zum Gegenspieler besteht<\/li>\n<\/ul>\n\n\n\n<h3 class=\"wp-block-heading\">Wo finde ich weitere Informationen?<\/h3>\n\n\n\n<p>Zus\u00e4tzliches Informationsmaterial finden sie auf unserer Internetseite unter den Buttons Ansprechpartner, Erwachsene, und Trainingszeiten sowie auf weiterf\u00fchrenden Links am rechten Rand.<\/p>\n<\/div><\/details>\n<\/div>\n\n\n\n<figure class=\"wp-block-table\"><table><tbody><tr><td>Wochentag<\/td><td>Uhrzeit<\/td><\/tr><tr><td>Donnerstag<\/td><td>20:00 &#8211; 22:00 Uhr<\/td><\/tr><\/tbody><\/table><figcaption class=\"wp-element-caption\">Trainingszeiten<\/figcaption><\/figure>\n<\/div>\n\n\n\n<div class=\"wp-block-column is-layout-flow wp-block-column-is-layout-flow\">\n<h2 class=\"wp-block-heading\">Kontakt<\/h2>\n\n\n\n<div id=\"wp-block-themeisle-blocks-accordion-ebc61640\" class=\"wp-block-themeisle-blocks-accordion exclusive\">\n<details class=\"wp-block-themeisle-blocks-accordion-item\"><summary class=\"wp-block-themeisle-blocks-accordion-item__title\"><div>Abteilungsleiterin Birgit Hiltner<\/div><\/summary><div class=\"wp-block-themeisle-blocks-accordion-item__content\">\n<ul class=\"wp-block-list\">\n<li>09101\/4689437<\/li>\n\n\n\n<li><a href=\"mailto:badminton@sv-puschendorf.de\" title=\"\">badminton@sv-puschendorf.de<\/a><\/li>\n<\/ul>\n<\/div><\/details>\n\n\n\n<details class=\"wp-block-themeisle-blocks-accordion-item\"><summary class=\"wp-block-themeisle-blocks-accordion-item__title\"><div>Stellv. Abteilungsleiter Martin Fischer<\/div><\/summary><div class=\"wp-block-themeisle-blocks-accordion-item__content\">\n<ul class=\"wp-block-list\">\n<li>09101\/536901<\/li>\n<\/ul>\n<\/div><\/details>\n<\/div>\n<\/div>\n<\/div>\n<\/div><\/div>\n\n\n\n<div class=\"wp-block-group\"><div class=\"wp-block-group__inner-container is-layout-constrained wp-block-group-is-layout-constrained\">\n<p>Die Badmintonabteilung ist seit 1998 fester Bestandteil des Puschendorfer Sportvereins. Das Training findet einmal in der Woche in der Puschendorfer Eichwaldhalle, Waldstra\u00dfe 30 statt, mit dem Ziel einen angenehmen sportlichen Abend&nbsp;zu verbringen. Wir sind Hobbyspieler bei welchen der Spa\u00df aber auch der Wettbewerb nicht zu kurz kommen.<\/p>\n\n\n\n<p>Sollten Sie erst in den Sport einsteigen \u2013 kein Problem. Unsere Mitglieder erkl\u00e4ren Ihnen die Spielweise, die Regeln und worauf es beim Badminton ankommt. Wenn Sie Interesse an Badminton haben, besuchen Sie uns unverbindlich w\u00e4hrend unserer Trainingszeit am Donnerstag von 20:00 \u2013 22:00 Uhr.<\/p>\n\n\n\n<p>Alle Informationen die Sie zur Sportart Badminton ben\u00f6tigen, finden Sie auf unserer Homepage. Gerne k\u00f6nnen Sie uns f\u00fcr weitere Fragen auch pers\u00f6nlich kontaktieren.<\/p>\n\n\n\n<p>Wir freuen uns auf Ihr Kommen!<\/p>\n<\/div><\/div>\n","protected":false},"excerpt":{"rendered":"<p>Allgemeines Wochentag Uhrzeit Donnerstag 20:00 &#8211; 22:00 Uhr Trainingszeiten Kontakt Die Badmintonabteilung ist seit 1998 fester Bestandteil des Puschendorfer Sportvereins. Das Training findet einmal in der Woche in der Puschendorfer&hellip; <a class=\"more-link\" href=\"http:\/\/sv-puschendorf.de\/data\/badminton\/\"><span class=\"screen-reader-text\">Badminton<\/span> weiterlesen<\/a><\/p>\n","protected":false},"author":9,"featured_media":0,"parent":0,"menu_order":0,"comment_status":"closed","ping_status":"closed","template":"","meta":{"_EventAllDay":false,"_EventTimezone":"","_EventStartDate":"","_EventEndDate":"","_EventStartDateUTC":"","_EventEndDateUTC":"","_EventShowMap":false,"_EventShowMapLink":false,"_EventURL":"","_EventCost":"","_EventCostDescription":"","_EventCurrencySymbol":"","_EventCurrencyCode":"","_EventCurrencyPosition":"","_EventDateTimeSeparator":"","_EventTimeRangeSeparator":"","_EventOrganizerID":[],"_EventVenueID":[],"_OrganizerEmail":"","_OrganizerPhone":"","_OrganizerWebsite":"","_VenueAddress":"","_VenueCity":"","_VenueCountry":"","_VenueProvince":"","_VenueState":"","_VenueZip":"","_VenuePhone":"","_VenueURL":"","_VenueStateProvince":"","_VenueLat":"","_VenueLng":"","_VenueShowMap":false,"_VenueShowMapLink":false,"_themeisle_gutenberg_block_has_review":false,"footnotes":""},"class_list":["post-198","page","type-page","status-publish","hentry","entry"],"aioseo_notices":[],"_links":{"self":[{"href":"http:\/\/sv-puschendorf.de\/data\/wp-json\/wp\/v2\/pages\/198","targetHints":{"allow":["GET"]}}],"collection":[{"href":"http:\/\/sv-puschendorf.de\/data\/wp-json\/wp\/v2\/pages"}],"about":[{"href":"http:\/\/sv-puschendorf.de\/data\/wp-json\/wp\/v2\/types\/page"}],"author":[{"embeddable":true,"href":"http:\/\/sv-puschendorf.de\/data\/wp-json\/wp\/v2\/users\/9"}],"replies":[{"embeddable":true,"href":"http:\/\/sv-puschendorf.de\/data\/wp-json\/wp\/v2\/comments?post=198"}],"version-history":[{"count":18,"href":"http:\/\/sv-puschendorf.de\/data\/wp-json\/wp\/v2\/pages\/198\/revisions"}],"predecessor-version":[{"id":2322,"href":"http:\/\/sv-puschendorf.de\/data\/wp-json\/wp\/v2\/pages\/198\/revisions\/2322"}],"wp:attachment":[{"href":"http:\/\/sv-puschendorf.de\/data\/wp-json\/wp\/v2\/media?parent=198"}],"curies":[{"name":"wp","href":"https:\/\/api.w.org\/{rel}","templated":true}]}}