{"id":194,"date":"2023-05-14T11:08:47","date_gmt":"2023-05-14T09:08:47","guid":{"rendered":"https:\/\/sv-puschendorf.de\/data\/?page_id=194"},"modified":"2026-03-15T11:26:23","modified_gmt":"2026-03-15T10:26:23","slug":"fussball","status":"publish","type":"page","link":"http:\/\/sv-puschendorf.de\/data\/fussball\/","title":{"rendered":"Fu\u00dfball"},"content":{"rendered":"\n<div id=\"wp-block-themeisle-blocks-advanced-columns-2c60bc77\" class=\"wp-block-themeisle-blocks-advanced-columns alignfull has-1-columns has-desktop-equal-layout has-tablet-equal-layout has-mobile-collapsedRows-layout has-reverse-columns-mobile has-vertical-center ticss-c00aadba\"><div class=\"wp-block-themeisle-blocks-advanced-columns-overlay\"><\/div><div class=\"innerblocks-wrap\">\n<div id=\"wp-block-themeisle-blocks-advanced-column-75b9263d\" class=\"wp-block-themeisle-blocks-advanced-column\">\n<div style=\"height:100px\" aria-hidden=\"true\" class=\"wp-block-spacer\"><\/div>\n\n\n\n<h1 id=\"wp-block-themeisle-blocks-advanced-heading-5d5675df\" class=\"wp-block-themeisle-blocks-advanced-heading wp-block-themeisle-blocks-advanced-heading-5d5675df\">Willkommen bei der Fu\u00dfballabteilung des <\/h1>\n\n\n\n<h1 id=\"wp-block-themeisle-blocks-advanced-heading-0eafee5b\" class=\"wp-block-themeisle-blocks-advanced-heading wp-block-themeisle-blocks-advanced-heading-0eafee5b\">SV Puschendorf 1949 e.V.<\/h1>\n\n\n\n<p id=\"wp-block-themeisle-blocks-advanced-heading-40ecd43d\" class=\"wp-block-themeisle-blocks-advanced-heading wp-block-themeisle-blocks-advanced-heading-40ecd43d\"><\/p>\n<\/div>\n<\/div><\/div>\n\n\n\n<hr class=\"wp-block-separator has-alpha-channel-opacity\"\/>\n\n\n\n<h2 class=\"wp-block-heading\">Abteilungsversammlung- 18.03.2026<\/h2>\n\n\n\n<figure class=\"wp-block-gallery has-nested-images columns-default is-cropped wp-block-gallery-1 is-layout-flex wp-block-gallery-is-layout-flex\">\n<figure class=\"wp-block-image size-large\"><img loading=\"lazy\" decoding=\"async\" width=\"725\" height=\"1024\" data-id=\"2380\" src=\"https:\/\/sv-puschendorf.de\/data\/wp-content\/uploads\/2026\/03\/2026_Abteilungsversammlung-725x1024.png\" alt=\"\" class=\"wp-image-2380\" srcset=\"http:\/\/sv-puschendorf.de\/data\/wp-content\/uploads\/2026\/03\/2026_Abteilungsversammlung-725x1024.png 725w, http:\/\/sv-puschendorf.de\/data\/wp-content\/uploads\/2026\/03\/2026_Abteilungsversammlung-212x300.png 212w, http:\/\/sv-puschendorf.de\/data\/wp-content\/uploads\/2026\/03\/2026_Abteilungsversammlung-768x1085.png 768w, http:\/\/sv-puschendorf.de\/data\/wp-content\/uploads\/2026\/03\/2026_Abteilungsversammlung.png 816w\" sizes=\"auto, (max-width: 725px) 100vw, 725px\" \/><\/figure>\n<\/figure>\n\n\n<div class=\"wp-block-post-excerpt\"><p class=\"wp-block-post-excerpt__excerpt\">Abteilungsversammlung- 18.03.2026 Kontakt Christian K\u00fchnel Abteilungsleiter Telefon: +49 1522 4818918 Thomas B\u00f6hm Stellvertrender Abteilungsleiter Michael Henke Spielleiter Renate Bernreuther Jugendleiterin Trainingszeiten Mannschaft Trainingstag Uhrzeit Trainingsort 1. und 2. Mannschaft DienstagDonnerstag&hellip; Fu\u00dfball weiterlesen <\/p><\/div>\n\n\n<hr class=\"wp-block-separator has-alpha-channel-opacity\"\/>\n\n\n\n<div class=\"wp-block-group alignwide\"><div class=\"wp-block-group__inner-container is-layout-flow wp-block-group-is-layout-flow\">\n<h2 class=\"wp-block-heading has-text-align-center\">Kontakt<\/h2>\n\n\n\n<div class=\"wp-block-columns alignwide is-layout-flex wp-container-core-columns-is-layout-d0b3c9c8 wp-block-columns-is-layout-flex\">\n<div class=\"wp-block-column is-layout-flow wp-block-column-is-layout-flow\">\n<figure class=\"wp-block-image size-full is-resized has-custom-border is-style-default\"><img loading=\"lazy\" decoding=\"async\" width=\"713\" height=\"713\" src=\"https:\/\/sv-puschendorf.de\/data\/wp-content\/uploads\/2026\/02\/test-foto-edited.png\" alt=\"\" class=\"wp-image-2364\" style=\"border-radius:35px;aspect-ratio:3\/4;object-fit:cover;width:268px\" srcset=\"http:\/\/sv-puschendorf.de\/data\/wp-content\/uploads\/2026\/02\/test-foto-edited.png 713w, http:\/\/sv-puschendorf.de\/data\/wp-content\/uploads\/2026\/02\/test-foto-edited-300x300.png 300w, http:\/\/sv-puschendorf.de\/data\/wp-content\/uploads\/2026\/02\/test-foto-edited-150x150.png 150w\" sizes=\"auto, (max-width: 713px) 100vw, 713px\" \/><\/figure>\n\n\n\n<h3 class=\"wp-block-heading has-text-align-center tw-mb-2 has-medium-font-size\">Christian K\u00fchnel<\/h3>\n\n\n\n<p class=\"has-text-align-center has-small-font-size\"><strong>Abteilungsleiter<\/strong><\/p>\n\n\n\n<p class=\"has-text-align-center\">Telefon: +49 1522 4818918<br><\/p>\n\n\n\n<div class=\"wp-block-buttons is-content-justification-center is-layout-flex wp-container-core-buttons-is-layout-a89b3969 wp-block-buttons-is-layout-flex\">\n<div class=\"wp-block-button\"><a class=\"wp-block-button__link wp-element-button\" href=\"mailto:christian.kuehnel@outlook.com\" target=\"_blank\" rel=\"noreferrer noopener\">Schreibe eine E-Mail<\/a><\/div>\n<\/div>\n<\/div>\n\n\n\n<div class=\"wp-block-column is-layout-flow wp-block-column-is-layout-flow\"><div class=\"wp-block-image\">\n<figure class=\"aligncenter size-full is-resized has-custom-border\"><img loading=\"lazy\" decoding=\"async\" width=\"453\" height=\"603\" src=\"https:\/\/sv-puschendorf.de\/data\/wp-content\/uploads\/2023\/09\/IMG_5832-1.jpg\" alt=\"\" class=\"wp-image-754\" style=\"border-radius:35px;aspect-ratio:0.7528089887640449;width:268px;height:auto\" srcset=\"http:\/\/sv-puschendorf.de\/data\/wp-content\/uploads\/2023\/09\/IMG_5832-1.jpg 453w, http:\/\/sv-puschendorf.de\/data\/wp-content\/uploads\/2023\/09\/IMG_5832-1-225x300.jpg 225w\" sizes=\"auto, (max-width: 453px) 100vw, 453px\" \/><\/figure>\n<\/div>\n\n\n<h3 class=\"wp-block-heading has-text-align-center tw-mb-2 has-medium-font-size\">Thomas B\u00f6hm<\/h3>\n\n\n\n<p class=\"has-text-align-center has-small-font-size\"><strong>Stellvertrender Abteilungsleiter<\/strong><\/p>\n\n\n\n<p class=\"has-text-align-center\"><br><\/p>\n\n\n\n<div class=\"wp-block-buttons is-content-justification-center is-layout-flex wp-container-core-buttons-is-layout-a89b3969 wp-block-buttons-is-layout-flex\">\n<div class=\"wp-block-button\"><a class=\"wp-block-button__link wp-element-button\" href=\"mailto:thomas_boehm@freenet.de\">Schreibe eine E-Mail<\/a><\/div>\n<\/div>\n<\/div>\n\n\n\n<div class=\"wp-block-column is-layout-flow wp-block-column-is-layout-flow\"><div class=\"wp-block-image\">\n<figure class=\"aligncenter size-full is-resized has-custom-border\"><img loading=\"lazy\" decoding=\"async\" width=\"453\" height=\"603\" src=\"https:\/\/sv-puschendorf.de\/data\/wp-content\/uploads\/2023\/09\/IMG_5826-1.jpg\" alt=\"\" class=\"wp-image-755\" style=\"border-radius:35px;width:270px;height:359px\" srcset=\"http:\/\/sv-puschendorf.de\/data\/wp-content\/uploads\/2023\/09\/IMG_5826-1.jpg 453w, http:\/\/sv-puschendorf.de\/data\/wp-content\/uploads\/2023\/09\/IMG_5826-1-225x300.jpg 225w\" sizes=\"auto, (max-width: 453px) 100vw, 453px\" \/><\/figure>\n<\/div>\n\n\n<h3 class=\"wp-block-heading has-text-align-center tw-mb-2 has-medium-font-size\">Michael Henke<\/h3>\n\n\n\n<p class=\"has-text-align-center has-small-font-size\"><strong>Spielleiter<\/strong><\/p>\n\n\n\n<p class=\"has-text-align-center\"><br><\/p>\n\n\n\n<div class=\"wp-block-buttons is-content-justification-center is-layout-flex wp-container-core-buttons-is-layout-a89b3969 wp-block-buttons-is-layout-flex\">\n<div class=\"wp-block-button\"><a class=\"wp-block-button__link wp-element-button\" href=\"mailto:m.henke-svp@t-online.de\">Schreibe eine E-Mail<\/a><\/div>\n<\/div>\n<\/div>\n\n\n\n<div class=\"wp-block-column is-layout-flow wp-block-column-is-layout-flow\">\n<figure class=\"wp-block-image is-resized has-custom-border\"><img decoding=\"async\" src=\"https:\/\/sv-puschendorf.de\/data\/wp-content\/plugins\/twentig\/dist\/images\/patterns\/profile-square.jpg\" alt=\"\" style=\"border-radius:35px;width:353px;height:353px\"\/><\/figure>\n\n\n\n<h3 class=\"wp-block-heading has-text-align-center tw-mb-2 has-medium-font-size\">Renate Bernreuther<\/h3>\n\n\n\n<p class=\"has-text-align-center has-small-font-size\"><strong>Jugendleiterin<\/strong><\/p>\n\n\n\n<p class=\"has-text-align-center\"><br><\/p>\n\n\n\n<div class=\"wp-block-buttons is-content-justification-center is-layout-flex wp-container-core-buttons-is-layout-a89b3969 wp-block-buttons-is-layout-flex\">\n<div class=\"wp-block-button\"><a class=\"wp-block-button__link wp-element-button\" href=\"mailto:sv-puschendorf.de@t-online.de\">Schreibe eine E-Mail<\/a><\/div>\n<\/div>\n<\/div>\n<\/div>\n<\/div><\/div>\n\n\n\n<hr class=\"wp-block-separator has-alpha-channel-opacity\"\/>\n\n\n\n<h2 class=\"wp-block-heading has-text-align-center\">Trainingszeiten<\/h2>\n\n\n\n<figure class=\"wp-block-table is-style-regular\"><table style=\"border-width:1px\"><thead><tr><th>Mannschaft<\/th><th>Trainingstag<\/th><th>Uhrzeit<\/th><th>Trainingsort<\/th><\/tr><\/thead><tbody><tr><td>1. und 2. Mannschaft<br><\/td><td>Dienstag<br>Donnerstag<\/td><td>19:00 &#8211; 20:30 Uhr<\/td><td>Tuchenbach<br>Puschendorf<\/td><\/tr><tr><td>A-Jugend<\/td><td>Dienstag<br>Donnerstag<\/td><td>19:00 &#8211; 20:30 Uhr<\/td><td>Tuchenbach<br>Puschendorf<\/td><\/tr><tr><td>B-Jugend<\/td><td>Montag<br>Mittwoch<\/td><td>17:45 &#8211; 19:15 Uhr<\/td><td>Obermichelbach<\/td><\/tr><tr><td>C1-Jugend<\/td><td>Dienstag<br>Donnerstag<\/td><td>17:15 &#8211; 19:00 Uhr<\/td><td>Veitsbronn<\/td><\/tr><tr><td>C2-Jugend<\/td><td>Montag<br>Mittwoch<\/td><td>18:30 &#8211; 19:30 Uhr<\/td><td>Veitsbronn<br>Puschendorf<\/td><\/tr><tr><td>D1-Jugend<\/td><td>Dienstag<br>Donnerstag<\/td><td>17:00 &#8211; 18:30 Uhr<\/td><td>Veitsbronn<\/td><\/tr><tr><td>D2-Jugend<\/td><td>Dienstag<br>Donnerstag<\/td><td>17:00 &#8211; 18:30 Uhr<\/td><td>Puschendorf<\/td><\/tr><tr><td>E-Jugend<\/td><td>Montag<\/td><td>17:15 &#8211; 18:45 Uhr<\/td><td>Puschendorf<\/td><\/tr><tr><td>F-Jugend<\/td><td>Mittwoch<\/td><td>16:30 &#8211; 18:00 Uhr<\/td><td>Puschendorf<\/td><\/tr><tr><td>G-Jugend<\/td><td>Mittwoch<\/td><td>16:00 &#8211; 17:00 Uhr<\/td><td>Puschendorf<\/td><\/tr><tr><td>Alte Herren<\/td><td>Montag<\/td><td>19:00 &#8211; 20:30 Uhr<\/td><td>Puschendorf<\/td><\/tr><tr><td>Hobbyfu\u00dfball<\/td><td>Sonntag<\/td><td>18:30 &#8211; 20:00 Uhr<\/td><td>Puschendorf<\/td><\/tr><\/tbody><\/table><figcaption class=\"wp-element-caption\">Trainingszeiten der verschiedenen Mannschaften und deren Trainingsorte<\/figcaption><\/figure>\n\n\n\n<hr class=\"wp-block-separator has-alpha-channel-opacity\"\/>\n\n\n\n<h2 class=\"wp-block-heading has-text-align-center\">FAQ &#8211; Meist gestellte Fragen<\/h2>\n\n\n\n<div id=\"wp-block-themeisle-blocks-accordion-e570d760\" class=\"wp-block-themeisle-blocks-accordion exclusive\">\n<details class=\"wp-block-themeisle-blocks-accordion-item\"><summary class=\"wp-block-themeisle-blocks-accordion-item__title\"><div><strong>Wo finde ich den Sportplatz?<\/strong><\/div><\/summary><div class=\"wp-block-themeisle-blocks-accordion-item__content\">\n<div class=\"wp-block-columns is-layout-flex wp-container-core-columns-is-layout-d0b3c9c8 wp-block-columns-is-layout-flex\">\n<div class=\"wp-block-column is-layout-flow wp-block-column-is-layout-flow\">\n<p>Der Sportplatz in Puschendorf befindet sich an der Adresse: <strong>Waldstra\u00dfe 30, 90617 Puschendorf<\/strong><\/p>\n<\/div>\n\n\n\n<div class=\"wp-block-column is-layout-flow wp-block-column-is-layout-flow\"><div style=\"height:400pxpx;\" class=\"wp-block-themeisle-blocks-leaflet-map\" id=\"wp-block-themeisle-blocks-leaflet-map-5da7307b\"><\/div>\n<script type=\"text\/javascript\">\n\t\/* <![CDATA[ *\/\n\t\tif ( ! window.themeisleLeafletMaps ) window.themeisleLeafletMaps =[];\n\t\twindow.themeisleLeafletMaps.push( { container: \"wp-block-themeisle-blocks-leaflet-map-5da7307b\", attributes: {\"id\":\"wp-block-themeisle-blocks-leaflet-map-5da7307b\",\"location\":\"Puschendorf Deutschland Sportplatz\",\"latitude\":\"49.5305335999095\",\"longitude\":\"10.847564681436051\",\"bbox\":\"10.828056335449219,49.51941375795073,10.867109298706056,49.5416968611641\",\"zoom\":14,\"height\":\"400px\",\"markers\":[],\"zoomControl\":true,\"draggable\":true,\"hasCustomCSS\":false,\"customCSS\":\"\",\"otterConditions\":[]} } );\n\t\/* ]]> *\/\n<\/script>\n<\/div>\n<\/div>\n<\/div><\/details>\n\n\n\n<details class=\"wp-block-themeisle-blocks-accordion-item\"><summary class=\"wp-block-themeisle-blocks-accordion-item__title\"><div><strong>Ab wann darf mein Kind mittrainieren?<\/strong><\/div><\/summary><div class=\"wp-block-themeisle-blocks-accordion-item__content\">\n<p>Kinder d\u00fcrfen mit dem Alter <strong>von vier Jahren bei der G-Jugend<\/strong> mittrainieren.<\/p>\n<\/div><\/details>\n\n\n\n<details class=\"wp-block-themeisle-blocks-accordion-item\"><summary class=\"wp-block-themeisle-blocks-accordion-item__title\"><div><strong>Darf ich einfach zum Training kommen?<\/strong><\/div><\/summary><div class=\"wp-block-themeisle-blocks-accordion-item__content\">\n<p>Gerne! Du kannst gerne dir das Training <strong>anschauen<\/strong> und auch <strong>direkt mitmachen.<\/strong> <\/p>\n\n\n\n<p>Die Trainingszeiten findest du entweder weiter oben oder bei den einzelnen Reitern der Mannschaften!<\/p>\n<\/div><\/details>\n\n\n\n<details class=\"wp-block-themeisle-blocks-accordion-item\"><summary class=\"wp-block-themeisle-blocks-accordion-item__title\"><div><strong>Was kostet mich die Mitgliedschaft beim Fu\u00dfball?<\/strong><\/div><\/summary><div class=\"wp-block-themeisle-blocks-accordion-item__content\">\n<p>Du zahlst den ausgewiesenen Mitgliedsbeitrag und zus\u00e4tzlich den Spartenbeitrag f\u00fcr die Abteilung Fu\u00dfball. Die genauen Kosten findest du hier:<\/p>\n\n\n\n<div style=\"height:22px\" aria-hidden=\"true\" class=\"wp-block-spacer\"><\/div>\n\n\n\n<div class=\"wp-block-buttons is-layout-flex wp-block-buttons-is-layout-flex\">\n<div class=\"wp-block-button\"><a class=\"wp-block-button__link wp-element-button\" href=\"https:\/\/sv-puschendorf.de\/data\/wp-content\/uploads\/2024\/03\/Beitraege-10.01.24-1.pdf\" target=\"_blank\" rel=\"noreferrer noopener\">Mitgliedsbeitr\u00e4ge<\/a><\/div>\n<\/div>\n<\/div><\/details>\n\n\n\n<details class=\"wp-block-themeisle-blocks-accordion-item\"><summary class=\"wp-block-themeisle-blocks-accordion-item__title\"><div><strong>Wo finde ich die Beitrittserkl\u00e4rung?<\/strong><\/div><\/summary><div class=\"wp-block-themeisle-blocks-accordion-item__content\">\n<p>Unter dem folgendem Link findest du die Beitrittserkl\u00e4rung. Sende die ausgef\u00fcllte Form den oben genannten Ansprechpartnern oder bringe Sie pers\u00f6nlich zum Training vorbei!<\/p>\n\n\n\n<div style=\"height:22px\" aria-hidden=\"true\" class=\"wp-block-spacer\"><\/div>\n\n\n\n<div class=\"wp-block-buttons is-content-justification-left is-layout-flex wp-container-core-buttons-is-layout-fc4fd283 wp-block-buttons-is-layout-flex\">\n<div class=\"wp-block-button\"><a class=\"wp-block-button__link wp-element-button\" href=\"https:\/\/sv-puschendorf.de\/data\/wp-content\/uploads\/2023\/09\/Eintrittserklaerung_2023-3.pdf\" target=\"_blank\" rel=\"noreferrer noopener\">Werde Mitglied<\/a><\/div>\n<\/div>\n<\/div><\/details>\n<\/div>\n","protected":false},"excerpt":{"rendered":"<p>Abteilungsversammlung- 18.03.2026 Kontakt Christian K\u00fchnel Abteilungsleiter Telefon: +49 1522 4818918 Thomas B\u00f6hm Stellvertrender Abteilungsleiter Michael Henke Spielleiter Renate Bernreuther Jugendleiterin Trainingszeiten Mannschaft Trainingstag Uhrzeit Trainingsort 1. und 2. Mannschaft DienstagDonnerstag&hellip; <a class=\"more-link\" href=\"http:\/\/sv-puschendorf.de\/data\/fussball\/\"><span class=\"screen-reader-text\">Fu\u00dfball<\/span> weiterlesen<\/a><\/p>\n","protected":false},"author":3,"featured_media":0,"parent":0,"menu_order":0,"comment_status":"closed","ping_status":"closed","template":"","meta":{"_EventAllDay":false,"_EventTimezone":"","_EventStartDate":"","_EventEndDate":"","_EventStartDateUTC":"","_EventEndDateUTC":"","_EventShowMap":false,"_EventShowMapLink":false,"_EventURL":"","_EventCost":"","_EventCostDescription":"","_EventCurrencySymbol":"","_EventCurrencyCode":"","_EventCurrencyPosition":"","_EventDateTimeSeparator":"","_EventTimeRangeSeparator":"","_EventOrganizerID":[],"_EventVenueID":[],"_OrganizerEmail":"","_OrganizerPhone":"","_OrganizerWebsite":"","_VenueAddress":"","_VenueCity":"","_VenueCountry":"","_VenueProvince":"","_VenueState":"","_VenueZip":"","_VenuePhone":"","_VenueURL":"","_VenueStateProvince":"","_VenueLat":"","_VenueLng":"","_VenueShowMap":false,"_VenueShowMapLink":false,"_themeisle_gutenberg_block_has_review":false,"footnotes":""},"class_list":["post-194","page","type-page","status-publish","hentry","entry"],"aioseo_notices":[],"_links":{"self":[{"href":"http:\/\/sv-puschendorf.de\/data\/wp-json\/wp\/v2\/pages\/194","targetHints":{"allow":["GET"]}}],"collection":[{"href":"http:\/\/sv-puschendorf.de\/data\/wp-json\/wp\/v2\/pages"}],"about":[{"href":"http:\/\/sv-puschendorf.de\/data\/wp-json\/wp\/v2\/types\/page"}],"author":[{"embeddable":true,"href":"http:\/\/sv-puschendorf.de\/data\/wp-json\/wp\/v2\/users\/3"}],"replies":[{"embeddable":true,"href":"http:\/\/sv-puschendorf.de\/data\/wp-json\/wp\/v2\/comments?post=194"}],"version-history":[{"count":126,"href":"http:\/\/sv-puschendorf.de\/data\/wp-json\/wp\/v2\/pages\/194\/revisions"}],"predecessor-version":[{"id":2381,"href":"http:\/\/sv-puschendorf.de\/data\/wp-json\/wp\/v2\/pages\/194\/revisions\/2381"}],"wp:attachment":[{"href":"http:\/\/sv-puschendorf.de\/data\/wp-json\/wp\/v2\/media?parent=194"}],"curies":[{"name":"wp","href":"https:\/\/api.w.org\/{rel}","templated":true}]}}