{"id":192,"date":"2023-09-12T22:20:31","date_gmt":"2023-09-12T20:20:31","guid":{"rendered":"https:\/\/sv-puschendorf.de\/data\/?page_id=192"},"modified":"2026-04-14T20:25:43","modified_gmt":"2026-04-14T18:25:43","slug":"handball","status":"publish","type":"page","link":"http:\/\/sv-puschendorf.de\/data\/handball\/","title":{"rendered":"Handball \ud83d\udd90\ud83c\udffb\u26aa\ufe0f"},"content":{"rendered":"\n<h2 class=\"wp-block-heading has-text-align-center\"><strong>40x20m<\/strong><br><strong>3x2m | 6m-Kreis<\/strong> | <strong>7 Spieler<\/strong><br><strong>ein Ball<\/strong> | Schnelle Mitte | Fake-Pass<br>Jugo | Wackler | Durchbruch | Kempa<br>Sperre Absetzen | Team Time Out | 3:2:1<br>4:2 | 5:1 | 6:0 | Block | Safe | 1. Welle<br>2. Welle | Spielzug | Steel | Gegensto\u00df<br>\ud83d\udfe8 | 2 min | Wechselfehler | \ud83d\udfe5 | \ud83d\udfe6<br>Zeitspiel | 7m | 4m | 9m<br>viele Tore<\/h2>\n\n\n\n<figure class=\"wp-block-gallery alignwide has-nested-images columns-default is-cropped wp-block-gallery-1 is-layout-flex wp-block-gallery-is-layout-flex\">\n<figure class=\"wp-block-image size-full\"><img loading=\"lazy\" decoding=\"async\" width=\"2560\" height=\"1652\" data-id=\"2218\" src=\"https:\/\/sv-puschendorf.de\/data\/wp-content\/uploads\/2025\/11\/f1667f2d-1f06-4ab9-9890-50862d408f57-scaled.jpeg\" alt=\"\" class=\"wp-image-2218\" srcset=\"http:\/\/sv-puschendorf.de\/data\/wp-content\/uploads\/2025\/11\/f1667f2d-1f06-4ab9-9890-50862d408f57-scaled.jpeg 2560w, http:\/\/sv-puschendorf.de\/data\/wp-content\/uploads\/2025\/11\/f1667f2d-1f06-4ab9-9890-50862d408f57-300x194.jpeg 300w, http:\/\/sv-puschendorf.de\/data\/wp-content\/uploads\/2025\/11\/f1667f2d-1f06-4ab9-9890-50862d408f57-1024x661.jpeg 1024w, http:\/\/sv-puschendorf.de\/data\/wp-content\/uploads\/2025\/11\/f1667f2d-1f06-4ab9-9890-50862d408f57-768x496.jpeg 768w, http:\/\/sv-puschendorf.de\/data\/wp-content\/uploads\/2025\/11\/f1667f2d-1f06-4ab9-9890-50862d408f57-1536x991.jpeg 1536w, http:\/\/sv-puschendorf.de\/data\/wp-content\/uploads\/2025\/11\/f1667f2d-1f06-4ab9-9890-50862d408f57-2048x1322.jpeg 2048w, http:\/\/sv-puschendorf.de\/data\/wp-content\/uploads\/2025\/11\/f1667f2d-1f06-4ab9-9890-50862d408f57-1568x1012.jpeg 1568w\" sizes=\"auto, (max-width: 2560px) 100vw, 2560px\" \/><\/figure>\n<\/figure>\n\n\n\n<div class=\"wp-block-group alignfull is-style-default\"><div class=\"wp-block-group__inner-container is-layout-constrained wp-block-group-is-layout-constrained\">\n<div class=\"wp-block-columns alignwide is-layout-flex wp-container-core-columns-is-layout-d0b3c9c8 wp-block-columns-is-layout-flex\">\n<div class=\"wp-block-column is-layout-flow wp-block-column-is-layout-flow\">\n<p>Lust auf einen dynamischen Team-Sport? &#8211; Egal ob Anf\u00e4nger oder Fortgeschritten.<br>Ihr wollt mehr erfahren? &#8211; Kommt einfach zu den Trainingszeiten vorbei oder schreibt an unseren Jugendleiter&nbsp;Rainer Neumann&nbsp;(am besten SMS).<\/p>\n\n\n\n<h2 class=\"wp-block-heading\">SPIELBETRIEB<br>FOLGE UNS<\/h2>\n\n\n\n<div class=\"wp-block-buttons is-layout-flex wp-block-buttons-is-layout-flex\">\n<div class=\"wp-block-button\"><a class=\"wp-block-button__link wp-element-button\" href=\"https:\/\/sv-puschendorf.de\/data\/handball\/handball-news\/\">NEWS<\/a><\/div>\n\n\n\n<div class=\"wp-block-button\"><a class=\"wp-block-button__link wp-element-button\" href=\"https:\/\/sv-puschendorf.de\/data\/handball-rasenturnier\/\">RASENTURNIER 2026<\/a><\/div>\n<\/div>\n\n\n\n<div class=\"wp-block-buttons is-layout-flex wp-block-buttons-is-layout-flex\">\n<div class=\"wp-block-button\"><a class=\"wp-block-button__link wp-element-button\" href=\"https:\/\/bhv-handball.liga.nu\/cgi-bin\/WebObjects\/nuLigaHBDE.woa\/wa\/clubTeams?club=30687\">nuLiga &#8211; Spielbetrieb SVP<\/a><\/div>\n<\/div>\n\n\n\n<div class=\"wp-block-buttons is-layout-flex wp-block-buttons-is-layout-flex\">\n<div class=\"wp-block-button\"><a class=\"wp-block-button__link wp-element-button\" href=\"https:\/\/instagram.com\/svpuschendorf.women?igshid=MzRlODBiNWFlZA==\">SV PUSCHENDORF DAMEN \ud83e\udd3e\u200d\u2640\ufe0f<\/a><\/div>\n<\/div>\n<\/div>\n\n\n\n<div class=\"wp-block-column is-layout-flow wp-block-column-is-layout-flow\">\n<h3 class=\"wp-block-heading\">Kontakte<\/h3>\n\n\n\n<p><strong>Abteilungsleiter<\/strong> Jens G\u00f6tzelmann<br>Ulmenweg 5 | 91469 Hagenb\u00fcchach<br>Tel.: 09101-5653 | Mobil: 0152-37399295 <a href=\"javascript:linkTo_UnCryptMailto('nbjmup+ejf\/hpfuafmnbfoofsAhnbjm\/dpn');\">die.goetzelmaenner(@)gmail.com<\/a><\/p>\n\n\n\n<p><strong>Jugendleiter<\/strong> Rainer Neumann<br>Veilchenweg 21 | 90617 Puschendorf<br>Tel.: 09101-9185 | Mobil: 0179-1046450 <a href=\"javascript:linkTo_UnCryptMailto('nbjmup+sbjofs\/ofvnbooA)qjmmfotufjo\/ef');\">rainer.neumann(@)pillenstein.de<\/a><\/p>\n\n\n\n<p><strong>Schiedsrichterobmann<\/strong> Thomas Neumann <br>Hochstra\u00dfe 22 | 91469 Hagen\u00fcchach<br>Mobil: 0171-6935943 <br>djbobbers(@)googlemail.com<\/p>\n\n\n\n<p><strong>Schriftf\u00fchrer<\/strong> J\u00f6rg M\u00fcller<br><a href=\"mailto:joergmueller1810@gmail.com\">joergmueller1810@gmail.com<\/a><\/p>\n<\/div>\n<\/div>\n<\/div><\/div>\n\n\n\n<hr class=\"wp-block-separator alignfull has-alpha-channel-opacity is-style-twentytwentyone-separator-thick\"\/>\n\n\n\n<h2 class=\"wp-block-heading alignwide\">Training<\/h2>\n\n\n\n<p><strong>MINI gemischt<\/strong> | Jahrgang 2018 bis 2020 | <strong>Zoe + Dominik<\/strong><br>Freitag 16:15 \u2013 17:30 Uhr | Puschendorf<\/p>\n\n\n\n<p><strong>E Jugend<\/strong> | Jahrgang 2016 &#8211; 2017 | <strong>Steffen<\/strong> <strong>+ Dominik<\/strong><br>Freitag 17:30 \u2013 19:00Uhr | Puschendorf<\/p>\n\n\n\n<p><strong>D Jugend m\u00e4nnlich<\/strong> | Jahrgang 2014 &#8211; 2015 | <strong>Thomas<\/strong><br>Dienstag 16:00 \u2013 17:30 Uhr | Puschendorf<br>Mittwoch 16:30 &#8211; 18:00 Uhr | Puschendorf<\/p>\n\n\n\n<p><strong>D Jugend weiblich<\/strong> | Jahrgang 2014 &#8211; 2015 | <strong>Steffen<\/strong><br>Montag 16:30 \u2013 18:00 Uhr | Veitsbronn<br>Freitag 19:.00 &#8211; 20:30 | Puschendorf<\/p>\n\n\n\n<p><strong>C Jugend m\u00e4nnlich<\/strong> | Jahrgang 2012 &#8211; 2013 | <strong>Norbert + Donell<\/strong><br>Montag 17:30 \u2013 19:00 Uhr | Puschendorf<br>Samstag 10:00 &#8211; 12:00 Uhr | Puschendorf<\/p>\n\n\n\n<p><strong>B Jugend weiblich<\/strong> | Jahrgang 2010 &#8211; 2011 | <strong>J\u00fcrgen + Dominik<\/strong><br>Dienstag 17:30 &#8211; 19:00 Uhr | Puschendorf<br>Donnerstag 17:30 &#8211; 19:00 | Puschendorf<\/p>\n\n\n\n<p><strong>Damen<\/strong> | ab Jahrgang 2011 | <strong>Rainer + Moni<\/strong><br>Dienstag 19:00 \u2013 20:30 Uhr | Puschendorf<br>Donnerstag 18:30 \u2013 20:00 Uhr | Puschendorf<\/p>\n\n\n\n<h2 class=\"wp-block-heading\">UNSERE HALLEN<\/h2>\n\n\n\n<p>Puschendorf | Eichwaldhalle | Waldstra\u00dfe 30<br>Veitsbronn | Turnhalle der Grundschule | Retzelfembacher Stra\u00dfe 54<br>Langenzenn | Sporthalle des Gymnasiums | Sportplatzstra\u00dfe 2<br>Emskirchen | Schulsporthalle | Am Bahnhofswald 8<\/p>\n\n\n\n<h2 class=\"wp-block-heading\">Training mit Expertise<\/h2>\n\n\n\n<figure class=\"wp-block-image size-large\"><img loading=\"lazy\" decoding=\"async\" width=\"1024\" height=\"796\" src=\"http:\/\/sv-puschendorf.de\/data\/wp-content\/uploads\/2024\/05\/0C98BE03-18F6-4C57-AA36-F87926F16BAC-1024x796.jpeg\" alt=\"\" class=\"wp-image-1472\" srcset=\"http:\/\/sv-puschendorf.de\/data\/wp-content\/uploads\/2024\/05\/0C98BE03-18F6-4C57-AA36-F87926F16BAC-1024x796.jpeg 1024w, http:\/\/sv-puschendorf.de\/data\/wp-content\/uploads\/2024\/05\/0C98BE03-18F6-4C57-AA36-F87926F16BAC-300x233.jpeg 300w, http:\/\/sv-puschendorf.de\/data\/wp-content\/uploads\/2024\/05\/0C98BE03-18F6-4C57-AA36-F87926F16BAC-768x597.jpeg 768w, http:\/\/sv-puschendorf.de\/data\/wp-content\/uploads\/2024\/05\/0C98BE03-18F6-4C57-AA36-F87926F16BAC.jpeg 1199w\" sizes=\"auto, (max-width: 1024px) 100vw, 1024px\" \/><\/figure>\n\n\n\n<p>Steffen, Zoe, Rainer, Thomas, Laura und Victoria nahmen erfolgreich an der 1000 Kindertrainer-Ausbildung des DHB vom 11. bis 14. Januar 2024 im Rahmen der Handballeuropameisterschaft teil. Wir freuen uns auf Eure Trainingseinheiten. <br>Rainer, Thomas und Norbert h\u00e4ngen gleich die Ausbildung zum C-Trainer bis zum Sommer dran. Norbert ist unser neuer Trainer f\u00fcr die D-Jugend. Als neuer Jung-Trainer steigt Donell ein, der gerade seine Schiedsrichterausbildung macht. Welcome Norbert und Donell. Allen viel Erfolg bei Eurer Ausbildung und viel Spa\u00df im Training.<\/p>\n\n\n<div class=\"wp-block-image\">\n<figure class=\"aligncenter size-full is-resized\"><img loading=\"lazy\" decoding=\"async\" width=\"912\" height=\"911\" src=\"http:\/\/sv-puschendorf.de\/data\/wp-content\/uploads\/2024\/05\/Handball-LOGO-72.jpg\" alt=\"\" class=\"wp-image-1504\" style=\"aspect-ratio:1.0010976948408343;width:1103px;height:auto\" srcset=\"http:\/\/sv-puschendorf.de\/data\/wp-content\/uploads\/2024\/05\/Handball-LOGO-72.jpg 912w, http:\/\/sv-puschendorf.de\/data\/wp-content\/uploads\/2024\/05\/Handball-LOGO-72-300x300.jpg 300w, http:\/\/sv-puschendorf.de\/data\/wp-content\/uploads\/2024\/05\/Handball-LOGO-72-150x150.jpg 150w, http:\/\/sv-puschendorf.de\/data\/wp-content\/uploads\/2024\/05\/Handball-LOGO-72-768x767.jpg 768w\" sizes=\"auto, (max-width: 912px) 100vw, 912px\" \/><\/figure>\n<\/div>\n\n\n<div class=\"wp-block-buttons is-content-justification-center is-layout-flex wp-container-core-buttons-is-layout-a89b3969 wp-block-buttons-is-layout-flex\">\n<div class=\"wp-block-button\"><a class=\"wp-block-button__link wp-element-button\" href=\"https:\/\/www.otlaicher.de\/beitraege\/die-regenbogenspiele\/\">Woher kommt das DESIGN unseres coolen Piktogramms? Achtung: lizensiert!<\/a><\/div>\n<\/div>\n","protected":false},"excerpt":{"rendered":"<p>40x20m3x2m | 6m-Kreis | 7 Spielerein Ball | Schnelle Mitte | Fake-PassJugo | Wackler | Durchbruch | KempaSperre Absetzen | Team Time Out | 3:2:14:2 | 5:1 | 6:0 |&hellip; <a class=\"more-link\" href=\"http:\/\/sv-puschendorf.de\/data\/handball\/\"><span class=\"screen-reader-text\">Handball \ud83d\udd90\ud83c\udffb\u26aa\ufe0f<\/span> weiterlesen<\/a><\/p>\n","protected":false},"author":2,"featured_media":0,"parent":0,"menu_order":0,"comment_status":"closed","ping_status":"closed","template":"","meta":{"_EventAllDay":false,"_EventTimezone":"","_EventStartDate":"","_EventEndDate":"","_EventStartDateUTC":"","_EventEndDateUTC":"","_EventShowMap":false,"_EventShowMapLink":false,"_EventURL":"","_EventCost":"","_EventCostDescription":"","_EventCurrencySymbol":"","_EventCurrencyCode":"","_EventCurrencyPosition":"","_EventDateTimeSeparator":"","_EventTimeRangeSeparator":"","_EventOrganizerID":[],"_EventVenueID":[],"_OrganizerEmail":"","_OrganizerPhone":"","_OrganizerWebsite":"","_VenueAddress":"","_VenueCity":"","_VenueCountry":"","_VenueProvince":"","_VenueState":"","_VenueZip":"","_VenuePhone":"","_VenueURL":"","_VenueStateProvince":"","_VenueLat":"","_VenueLng":"","_VenueShowMap":false,"_VenueShowMapLink":false,"_themeisle_gutenberg_block_has_review":false,"footnotes":""},"class_list":["post-192","page","type-page","status-publish","hentry","entry"],"aioseo_notices":[],"_links":{"self":[{"href":"http:\/\/sv-puschendorf.de\/data\/wp-json\/wp\/v2\/pages\/192","targetHints":{"allow":["GET"]}}],"collection":[{"href":"http:\/\/sv-puschendorf.de\/data\/wp-json\/wp\/v2\/pages"}],"about":[{"href":"http:\/\/sv-puschendorf.de\/data\/wp-json\/wp\/v2\/types\/page"}],"author":[{"embeddable":true,"href":"http:\/\/sv-puschendorf.de\/data\/wp-json\/wp\/v2\/users\/2"}],"replies":[{"embeddable":true,"href":"http:\/\/sv-puschendorf.de\/data\/wp-json\/wp\/v2\/comments?post=192"}],"version-history":[{"count":165,"href":"http:\/\/sv-puschendorf.de\/data\/wp-json\/wp\/v2\/pages\/192\/revisions"}],"predecessor-version":[{"id":2440,"href":"http:\/\/sv-puschendorf.de\/data\/wp-json\/wp\/v2\/pages\/192\/revisions\/2440"}],"wp:attachment":[{"href":"http:\/\/sv-puschendorf.de\/data\/wp-json\/wp\/v2\/media?parent=192"}],"curies":[{"name":"wp","href":"https:\/\/api.w.org\/{rel}","templated":true}]}}